{"id":209,"date":"2015-01-25T23:12:02","date_gmt":"2015-01-25T22:12:02","guid":{"rendered":"http:\/\/bybe.no\/wp\/?page_id=209"},"modified":"2025-10-03T21:03:46","modified_gmt":"2025-10-03T20:03:46","slug":"krav-til-medlemskap","status":"publish","type":"page","link":"http:\/\/bybe.no\/wp\/?page_id=209","title":{"rendered":"Innmeldingsskjema med krav til medlemsskap"},"content":{"rendered":"<p>\u00a0<\/p>\n<p><a href=\"http:\/\/bybe.no\/wp\/wp-content\/uploads\/2025\/10\/BBE2025-inmeldingsskjema-pr-oktober-2025.docx\" rel=\"noopener\">Her finner du innmeldingsskjemaet som WORD-fil<\/a>\u00a0 \u00a0 (Sjekk &laquo;Nedlastninger\/downloads&raquo;) Denne kan du laste ned p\u00e5 din PC, fylle inn, signere og scanne inn som angitt p\u00e5 dokumentet.<\/p>\n<p>Noen nettlesere har problemer med \u00e5 laste ned filer i WORD form at &#8211; gjelder bl.a. noen versjoner av Chrome.<a href=\"http:\/\/bybe.no\/wp\/wp-content\/uploads\/2025\/06\/BBE2024-inmeldingsskjema-pr-januar-2024.pdf\" target=\"_blank\" rel=\"noopener\"> Du finner derfor samme dokument i .pdf her<\/a><\/p>\n<p>\u00a0<\/p>\n\n\n<p><a rel=\"noreferrer noopener\" href=\"http:\/\/bybe.no\/wp\/wp-content\/uploads\/2019\/01\/BBE2019-innmeldingsskjema-2019.doc\" target=\"_blank\">b<\/a><a rel=\"noreferrer noopener\" href=\"http:\/\/bybe.no\/wp\/wp-content\/uploads\/2019\/01\/BBE2019-innmeldingssjema-2019.pdf\" target=\"_blank\">b<\/a><\/p>\n","protected":false},"excerpt":{"rendered":"<p>\u00a0 Her finner du innmeldingsskjemaet som WORD-fil\u00a0 \u00a0 (Sjekk &laquo;Nedlastninger\/downloads&raquo;) Denne kan du laste ned p\u00e5 din PC, fylle inn, signere og scanne inn som angitt p\u00e5 dokumentet. Noen nettlesere har problemer med \u00e5 laste ned filer i WORD form at &#8211; gjelder bl.a. noen versjoner av Chrome. Du finner derfor samme dokument i .pdf [&hellip;]<\/p>\n","protected":false},"author":2,"featured_media":0,"parent":0,"menu_order":0,"comment_status":"closed","ping_status":"closed","template":"","meta":[],"_links":{"self":[{"href":"http:\/\/bybe.no\/wp\/index.php?rest_route=\/wp\/v2\/pages\/209"}],"collection":[{"href":"http:\/\/bybe.no\/wp\/index.php?rest_route=\/wp\/v2\/pages"}],"about":[{"href":"http:\/\/bybe.no\/wp\/index.php?rest_route=\/wp\/v2\/types\/page"}],"author":[{"embeddable":true,"href":"http:\/\/bybe.no\/wp\/index.php?rest_route=\/wp\/v2\/users\/2"}],"replies":[{"embeddable":true,"href":"http:\/\/bybe.no\/wp\/index.php?rest_route=%2Fwp%2Fv2%2Fcomments&post=209"}],"version-history":[{"count":28,"href":"http:\/\/bybe.no\/wp\/index.php?rest_route=\/wp\/v2\/pages\/209\/revisions"}],"predecessor-version":[{"id":671,"href":"http:\/\/bybe.no\/wp\/index.php?rest_route=\/wp\/v2\/pages\/209\/revisions\/671"}],"wp:attachment":[{"href":"http:\/\/bybe.no\/wp\/index.php?rest_route=%2Fwp%2Fv2%2Fmedia&parent=209"}],"curies":[{"name":"wp","href":"https:\/\/api.w.org\/{rel}","templated":true}]}}