{"id":78,"date":"2013-01-11T16:53:08","date_gmt":"2013-01-11T15:53:08","guid":{"rendered":"http:\/\/bybe.no\/wp\/?page_id=78"},"modified":"2025-06-19T16:14:49","modified_gmt":"2025-06-19T15:14:49","slug":"styret","status":"publish","type":"page","link":"http:\/\/bybe.no\/wp\/?page_id=78","title":{"rendered":"Styret"},"content":{"rendered":"<h2>Styret i Bygd\u00f8y Boligspareklubb for eldre er:<\/h2>\n<ul>\n<li>Victor Rydgren &#8211; leder (2025)\u00a0 \u00a0 \u00a0 \u00a0 \u00a0 \u00a0 \u00a0 \u00a0414 41 197\u00a0\u00a0\u00a0\u00a0 <a href=\"mailto:vrydgren@hotmail.com\">vrydgren@hotmail.com<\/a><\/li>\n<li>Jacob W. Nordan &#8211; sekret\u00e6r (2025)\u00a0 \u00a0 \u00a0905 94 534\u00a0\u00a0\u00a0\u00a0 <a href=\"mailto:jacnorda@online.no\">jacnorda@online.no<\/a><\/li>\n<li>Brita Bergh(2024)<\/li>\n<li>Peter Sundt(2025)<\/li>\n<li>Knut Kaasen(2025)<\/li>\n<\/ul>\n<p><strong>Varamedlemmer<\/strong><\/p>\n<ul>\n<li>Kristin N\u00e6ss Ivarson(2024)<\/li>\n<li>Birte Haugen(2025<\/li>\n<\/ul>\n<p><strong>Revisor<\/strong>&#8211; Jon Arne Kristoffersen(valgt 2025 for ett \u00e5r)<\/p>\n<p><strong>Valgkomite:<\/strong><\/p>\n<ul>\n<li>Torstein Lange Larssen (2025)<\/li>\n<li>Christian Meidell Lange(2025)<\/li>\n<li>Anne Cathrine Clarke-Jensen(2024)<\/li>\n<\/ul>\n<p>(\u00e5rstall i parentes er valg\u00e5r. Alle unntatt leder velges for 2 \u00e5r ad gangen. Leder velges for ett \u00e5r)<\/p>\n","protected":false},"excerpt":{"rendered":"<p>Styret i Bygd\u00f8y Boligspareklubb for eldre er: Victor Rydgren &#8211; leder (2025)\u00a0 \u00a0 \u00a0 \u00a0 \u00a0 \u00a0 \u00a0 \u00a0414 41 197\u00a0\u00a0\u00a0\u00a0 vrydgren@hotmail.com Jacob W. Nordan &#8211; sekret\u00e6r (2025)\u00a0 \u00a0 \u00a0905 94 534\u00a0\u00a0\u00a0\u00a0 jacnorda@online.no Brita Bergh(2024) Peter Sundt(2025) Knut Kaasen(2025) Varamedlemmer Kristin N\u00e6ss Ivarson(2024) Birte Haugen(2025 Revisor&#8211; Jon Arne Kristoffersen(valgt 2025 for ett \u00e5r) Valgkomite: Torstein [&hellip;]<\/p>\n","protected":false},"author":2,"featured_media":0,"parent":70,"menu_order":0,"comment_status":"closed","ping_status":"closed","template":"","meta":[],"_links":{"self":[{"href":"http:\/\/bybe.no\/wp\/index.php?rest_route=\/wp\/v2\/pages\/78"}],"collection":[{"href":"http:\/\/bybe.no\/wp\/index.php?rest_route=\/wp\/v2\/pages"}],"about":[{"href":"http:\/\/bybe.no\/wp\/index.php?rest_route=\/wp\/v2\/types\/page"}],"author":[{"embeddable":true,"href":"http:\/\/bybe.no\/wp\/index.php?rest_route=\/wp\/v2\/users\/2"}],"replies":[{"embeddable":true,"href":"http:\/\/bybe.no\/wp\/index.php?rest_route=%2Fwp%2Fv2%2Fcomments&post=78"}],"version-history":[{"count":17,"href":"http:\/\/bybe.no\/wp\/index.php?rest_route=\/wp\/v2\/pages\/78\/revisions"}],"predecessor-version":[{"id":652,"href":"http:\/\/bybe.no\/wp\/index.php?rest_route=\/wp\/v2\/pages\/78\/revisions\/652"}],"up":[{"embeddable":true,"href":"http:\/\/bybe.no\/wp\/index.php?rest_route=\/wp\/v2\/pages\/70"}],"wp:attachment":[{"href":"http:\/\/bybe.no\/wp\/index.php?rest_route=%2Fwp%2Fv2%2Fmedia&parent=78"}],"curies":[{"name":"wp","href":"https:\/\/api.w.org\/{rel}","templated":true}]}}